{"id":136,"date":"2017-07-03T13:25:28","date_gmt":"2017-07-03T11:25:28","guid":{"rendered":"http:\/\/viviscum.ch\/?page_id=136"},"modified":"2017-07-03T13:28:51","modified_gmt":"2017-07-03T11:28:51","slug":"dr-francois-hibou","status":"publish","type":"page","link":"https:\/\/viviscum.ch\/index.php\/les-medecins\/dr-francois-hibou\/","title":{"rendered":"Dr Fran\u00e7ois Hibou"},"content":{"rendered":"<div class=\"paragraph\">\n<img loading=\"lazy\" class=\"size-medium wp-image-55 alignright\" src=\"http:\/\/viviscum.ch\/wp-content\/uploads\/2017\/07\/PhotoFH1-209x300.png\" alt=\"\" width=\"250\" height=\"300\" \/>M\u00e9decin praticien<\/p>\n<p><b>Consultations sur rendez-vous:<br \/>\nT\u00e9l: +41 22 544 02 75<\/b><\/p>\n<p>Le Dr Hibou pratique la m\u00e9decine g\u00e9n\u00e9rale int\u00e9grant les approches de la m\u00e9decine anthroposophique et de l&rsquo;hom\u00e9opathie.\n<\/p><\/div>\n<div class=\"paragraph\">\n<h3>CURRICULUM<\/h3>\n<ul>\n<li>Doctorat en m\u00e9decine (Paris XI)<\/li>\n<li>Dipl\u00f4me universitaire Hom\u00e9opathie (Marseille)<\/li>\n<li>Certification en m\u00e9decine anthroposophique (Section m\u00e9dicale Goetheanum)<\/li>\n<\/ul>\n<\/div>\n","protected":false},"excerpt":{"rendered":"<p>M\u00e9decin praticien Consultations sur rendez-vous: T\u00e9l: +41 22 544 02 75 Le Dr Hibou pratique la m\u00e9decine g\u00e9n\u00e9rale int\u00e9grant les approches de la m\u00e9decine anthroposophique et de l&rsquo;hom\u00e9opathie. CURRICULUM Doctorat en m\u00e9decine (Paris XI) Dipl\u00f4me universitaire Hom\u00e9opathie (Marseille) Certification en m\u00e9decine anthroposophique (Section m\u00e9dicale Goetheanum)<\/p>\n","protected":false},"author":1,"featured_media":0,"parent":24,"menu_order":0,"comment_status":"closed","ping_status":"closed","template":"","meta":[],"_links":{"self":[{"href":"https:\/\/viviscum.ch\/index.php\/wp-json\/wp\/v2\/pages\/136"}],"collection":[{"href":"https:\/\/viviscum.ch\/index.php\/wp-json\/wp\/v2\/pages"}],"about":[{"href":"https:\/\/viviscum.ch\/index.php\/wp-json\/wp\/v2\/types\/page"}],"author":[{"embeddable":true,"href":"https:\/\/viviscum.ch\/index.php\/wp-json\/wp\/v2\/users\/1"}],"replies":[{"embeddable":true,"href":"https:\/\/viviscum.ch\/index.php\/wp-json\/wp\/v2\/comments?post=136"}],"version-history":[{"count":3,"href":"https:\/\/viviscum.ch\/index.php\/wp-json\/wp\/v2\/pages\/136\/revisions"}],"predecessor-version":[{"id":141,"href":"https:\/\/viviscum.ch\/index.php\/wp-json\/wp\/v2\/pages\/136\/revisions\/141"}],"up":[{"embeddable":true,"href":"https:\/\/viviscum.ch\/index.php\/wp-json\/wp\/v2\/pages\/24"}],"wp:attachment":[{"href":"https:\/\/viviscum.ch\/index.php\/wp-json\/wp\/v2\/media?parent=136"}],"curies":[{"name":"wp","href":"https:\/\/api.w.org\/{rel}","templated":true}]}}