{"id":148,"date":"2017-07-03T13:44:43","date_gmt":"2017-07-03T11:44:43","guid":{"rendered":"http:\/\/viviscum.ch\/?page_id=148"},"modified":"2017-07-03T13:46:21","modified_gmt":"2017-07-03T11:46:21","slug":"mme-laurianne-walther","status":"publish","type":"page","link":"https:\/\/viviscum.ch\/index.php\/osteopathie\/mme-laurianne-walther\/","title":{"rendered":"Mme Laurianne Walther"},"content":{"rendered":"<h3>Mon parcours en bref:<\/h3>\n<p><img loading=\"lazy\" class=\"size-full wp-image-53 alignright\" src=\"http:\/\/viviscum.ch\/wp-content\/uploads\/2017\/07\/img_new_medecin-286x300.png\" alt=\"\" width=\"184\" height=\"260\" \/><\/p>\n<p>Dipl\u00f4m\u00e9e de l&rsquo;Ecole Suisse d&rsquo;Ost\u00e9opathie en 2007, je fais mon assistanat de deux ans \u00e0 Montreux et \u00e0 Berne puis deviens ind\u00e9pendante en 2009 \u00e0 Vevey.<\/p>\n<p>Je suis titulaire de l&rsquo;examen intercantonal depuis 2011.<\/p>\n<p>Ma patient\u00e8le est constitu\u00e9e de b\u00e9b\u00e9s, d&rsquo;enfants, d&rsquo;adultes (sportifs ou non), de femmes enceintes et de seniors.<\/p>\n<p>M\u00e8re de 3 enfants, je travaille \u00e0 temps partiel ; pour un renseignement ou la prise d&rsquo;un rdv vous pouvez me contacter par t\u00e9l\u00e9phone ou par SMS au <b>+41 79 903 77 70<\/b>. N\u2019h\u00e9sitez pas \u00e0 laisser un message, je vous rappellerai au plus vite\u00a0!<\/p>\n<p>Au plaisir de vous rencontrer,<\/p>\n<p>Laurianne Walther<\/p>\n<hr>\n<div data-post-id='143' class='insert-page insert-page-143 '><h1 class='insert-page-title'>Ost\u00e9opathie<\/h1><p>L&rsquo;ost\u00e9opathie&#8230;<\/p>\n<ol style=\"margin-left:3em;\">\n<li>est l&rsquo;art de soigner manuellement les d\u00e9s\u00e9quilibres m\u00e9caniques du corps afin de stimuler ses capacit\u00e9s d&rsquo;auto-gu\u00e9rison<\/li>\n<li>a pour but d&rsquo;int\u00e9grer les sympt\u00f4mes dans la globalit\u00e9 du patient en consid\u00e9rant les niveaux osseux, articulaires, musculo-tendineux, visc\u00e9raux, cr\u00e2niens, nerveux, vasculaires et psycho-\u00e9motionnels.<\/li>\n<li>cherche \u00e0 pr\u00e9venir, diagnostiquer et traiter les pertes de mobilit\u00e9 des tissus afin d&rsquo;am\u00e9liorer leur fonction et de permettre au corps de bien vivre face aux contraintes qu&rsquo;il rencontre au quotidien.<\/li>\n<\/ol>\n<\/div>\n","protected":false},"excerpt":{"rendered":"<p>Mon parcours en bref: Dipl\u00f4m\u00e9e de l&rsquo;Ecole Suisse d&rsquo;Ost\u00e9opathie en 2007, je fais mon assistanat de deux ans \u00e0 Montreux et \u00e0 Berne puis deviens ind\u00e9pendante en 2009 \u00e0 Vevey. Je suis titulaire de l&rsquo;examen intercantonal depuis 2011. Ma patient\u00e8le est constitu\u00e9e de b\u00e9b\u00e9s, d&rsquo;enfants, d&rsquo;adultes (sportifs ou non), de femmes enceintes et de seniors. &hellip; <\/p>\n<p class=\"link-more\"><a href=\"https:\/\/viviscum.ch\/index.php\/osteopathie\/\" class=\"more-link\">Continuer la lecture<span class=\"screen-reader-text\"> de &laquo;&nbsp;Ost\u00e9opathie&nbsp;&raquo;<\/span><\/a><\/p>\n","protected":false},"author":1,"featured_media":0,"parent":143,"menu_order":0,"comment_status":"closed","ping_status":"closed","template":"","meta":[],"_links":{"self":[{"href":"https:\/\/viviscum.ch\/index.php\/wp-json\/wp\/v2\/pages\/148"}],"collection":[{"href":"https:\/\/viviscum.ch\/index.php\/wp-json\/wp\/v2\/pages"}],"about":[{"href":"https:\/\/viviscum.ch\/index.php\/wp-json\/wp\/v2\/types\/page"}],"author":[{"embeddable":true,"href":"https:\/\/viviscum.ch\/index.php\/wp-json\/wp\/v2\/users\/1"}],"replies":[{"embeddable":true,"href":"https:\/\/viviscum.ch\/index.php\/wp-json\/wp\/v2\/comments?post=148"}],"version-history":[{"count":3,"href":"https:\/\/viviscum.ch\/index.php\/wp-json\/wp\/v2\/pages\/148\/revisions"}],"predecessor-version":[{"id":153,"href":"https:\/\/viviscum.ch\/index.php\/wp-json\/wp\/v2\/pages\/148\/revisions\/153"}],"up":[{"embeddable":true,"href":"https:\/\/viviscum.ch\/index.php\/wp-json\/wp\/v2\/pages\/143"}],"wp:attachment":[{"href":"https:\/\/viviscum.ch\/index.php\/wp-json\/wp\/v2\/media?parent=148"}],"curies":[{"name":"wp","href":"https:\/\/api.w.org\/{rel}","templated":true}]}}