{"id":195,"date":"2021-06-28T13:12:35","date_gmt":"2021-06-28T11:12:35","guid":{"rendered":"https:\/\/viviscum.ch\/?page_id=195"},"modified":"2023-09-20T10:53:26","modified_gmt":"2023-09-20T08:53:26","slug":"ruby-holdrich","status":"publish","type":"page","link":"https:\/\/viviscum.ch\/index.php\/ruby-holdrich\/","title":{"rendered":"Ruby H\u00f6ldrich"},"content":{"rendered":"\n<div class=\"wp-block-image\"><figure class=\"alignright is-resized\"><img loading=\"lazy\" src=\"https:\/\/viviscum.ch\/wp-content\/uploads\/2021\/06\/photo-cabinet-Ruby.jpeg\" alt=\"\" class=\"wp-image-205\" width=\"164\" height=\"184\" srcset=\"https:\/\/viviscum.ch\/wp-content\/uploads\/2021\/06\/photo-cabinet-Ruby.jpeg 470w, https:\/\/viviscum.ch\/wp-content\/uploads\/2021\/06\/photo-cabinet-Ruby-268x300.jpeg 268w\" sizes=\"(max-width: 164px) 100vw, 164px\" \/><\/figure><\/div>\n\n\n\n<p><strong>Hom\u00e9opathie uniciste<\/strong><\/p>\n\n\n\n<p><strong>Naturopathie<\/strong> avec conseils en nutrition, micronutrition et phytoth\u00e9rapie<\/p>\n\n\n\n<p><br><strong>E-mail : <\/strong><a href=\"mailto:contact@rubylesnaturelles.com\">contact@rubylesnaturelles.com<\/a><\/p>\n\n\n\n<p><strong>Tel<\/strong>. : 076 563 31 04<\/p>\n\n\n\n<p><br>Ruby H\u00f6ldrich est hom\u00e9opathe et naturopathe sp\u00e9cialis\u00e9e dans la sant\u00e9 naturelle de l\u2019enfant et dans le bien-\u00eatre \u00e9motionnel.<\/p>\n\n\n\n<p>Ses prestations sont prises en charge par les assureurs-maladies partenaires ASCA et RME dans le cadre de l\u2019assurance compl\u00e9mentaire (LCA).<\/p>\n\n\n\n<p><br><strong>Consultations au Centre M\u00e9dical Viviscum \u00e0 Vevey ou en ligne les jours suivants :<\/strong><\/p>\n\n\n\n<p>Mercredi : 14h00 \u2013 18h00<\/p>\n\n\n\n<p>Jeudi : 09h30 \u2013 18h00<\/p>\n\n\n\n<p>Vendredi : 09h30 \u2013 18h00<br><\/p>\n\n\n\n<p>Prises de rendez-vous et informations utiles sur :<\/p>\n\n\n\n<p><a rel=\"noreferrer noopener\" href=\"https:\/\/www.rubylesnaturelles.com\/prendre-rdv\" target=\"_blank\">https:\/\/www.rubylesnaturelles.com\/prendre-rdv<\/a>.<\/p>\n","protected":false},"excerpt":{"rendered":"<p>Hom\u00e9opathie uniciste Naturopathie avec conseils en nutrition, micronutrition et phytoth\u00e9rapie E-mail : contact@rubylesnaturelles.com Tel. : 076 563 31 04 Ruby H\u00f6ldrich est hom\u00e9opathe et naturopathe sp\u00e9cialis\u00e9e dans la sant\u00e9 naturelle de l\u2019enfant et dans le bien-\u00eatre \u00e9motionnel. Ses prestations sont prises en charge par les assureurs-maladies partenaires ASCA et RME dans le cadre de l\u2019assurance &hellip; <\/p>\n<p class=\"link-more\"><a href=\"https:\/\/viviscum.ch\/index.php\/ruby-holdrich\/\" class=\"more-link\">Continuer la lecture<span class=\"screen-reader-text\"> de &laquo;&nbsp;Ruby H\u00f6ldrich&nbsp;&raquo;<\/span><\/a><\/p>\n","protected":false},"author":1,"featured_media":0,"parent":0,"menu_order":0,"comment_status":"closed","ping_status":"closed","template":"","meta":[],"_links":{"self":[{"href":"https:\/\/viviscum.ch\/index.php\/wp-json\/wp\/v2\/pages\/195"}],"collection":[{"href":"https:\/\/viviscum.ch\/index.php\/wp-json\/wp\/v2\/pages"}],"about":[{"href":"https:\/\/viviscum.ch\/index.php\/wp-json\/wp\/v2\/types\/page"}],"author":[{"embeddable":true,"href":"https:\/\/viviscum.ch\/index.php\/wp-json\/wp\/v2\/users\/1"}],"replies":[{"embeddable":true,"href":"https:\/\/viviscum.ch\/index.php\/wp-json\/wp\/v2\/comments?post=195"}],"version-history":[{"count":14,"href":"https:\/\/viviscum.ch\/index.php\/wp-json\/wp\/v2\/pages\/195\/revisions"}],"predecessor-version":[{"id":242,"href":"https:\/\/viviscum.ch\/index.php\/wp-json\/wp\/v2\/pages\/195\/revisions\/242"}],"wp:attachment":[{"href":"https:\/\/viviscum.ch\/index.php\/wp-json\/wp\/v2\/media?parent=195"}],"curies":[{"name":"wp","href":"https:\/\/api.w.org\/{rel}","templated":true}]}}