{"id":64,"date":"2017-02-18T14:27:00","date_gmt":"2017-02-18T13:27:00","guid":{"rendered":"http:\/\/viviscum.riv21.com\/?page_id=64"},"modified":"2017-02-18T14:27:00","modified_gmt":"2017-02-18T13:27:00","slug":"travail-biographique","status":"publish","type":"page","link":"https:\/\/viviscum.ch\/index.php\/travail-biographique\/","title":{"rendered":"Travail biographique"},"content":{"rendered":"<div class=\"alignright\"><img loading=\"lazy\" class=\"size-full wp-image-65 \" src=\"http:\/\/viviscum.riv21.com\/wp-content\/uploads\/2017\/02\/b1.jpg\" alt=\"\" width=\"184\" height=\"122\" \/><br \/>\n<img loading=\"lazy\" class=\"size-medium wp-image-66 \" src=\"http:\/\/viviscum.riv21.com\/wp-content\/uploads\/2017\/02\/b2.jpg\" alt=\"\" width=\"184\" height=\"102\" \/><br \/>\n<img loading=\"lazy\" class=\"size-medium wp-image-67 \" src=\"http:\/\/viviscum.riv21.com\/wp-content\/uploads\/2017\/02\/b3.jpg\" alt=\"\" width=\"184\" height=\"184\" srcset=\"https:\/\/viviscum.ch\/wp-content\/uploads\/2017\/02\/b3.jpg 184w, https:\/\/viviscum.ch\/wp-content\/uploads\/2017\/02\/b3-150x150.jpg 150w, https:\/\/viviscum.ch\/wp-content\/uploads\/2017\/02\/b3-100x100.jpg 100w\" sizes=\"(max-width: 184px) 100vw, 184px\" \/><br \/>\n<img loading=\"lazy\" class=\"size-medium wp-image-68 \" src=\"http:\/\/viviscum.riv21.com\/wp-content\/uploads\/2017\/02\/b4.jpg\" alt=\"\" width=\"184\" height=\"121\" \/><\/div>\n<p><b>Pour marcher vers soi-m\u00eame &#8230;<\/b><\/p>\n<p><i>\u00ab Les hommes questionnent pour r\u00e9soudre l&rsquo;\u00e9nigme du monde, et en oublient de regarder comment <\/i><b><i>la vie<\/i><\/b><i>, dans le cours de <\/i><b><i>son rythme<\/i><\/b><i>, est la vraie solution \u00e0 <\/i><b><i>cette \u00e9nigme<\/i><\/b><i>. \u00bb<\/i><br \/>\n<b>Rudolf Steiner<\/b><\/p>\n<p>Le travail biographique, propos\u00e9 sous forme d&rsquo;accompagnement individuel ou d&rsquo;ateliers, est bas\u00e9 sur l&rsquo;approche anthroposophique de Rudolf Steiner.<\/p>\n<p>La vie humaine d\u00e9ploie et r\u00e9v\u00e8le au fil du temps les myst\u00e8res de notre individualit\u00e9 et de notre destin. Toutes sortes d&rsquo;\u00e9v\u00e9nements, de rencontres, d&rsquo;\u00e9preuves jalonnent notre chemin de vie, notre biographie.<\/p>\n<p>Dans les passages de crise physique, psychique, ou existentielle, porteurs potentiels de transformation int\u00e9rieure, il arrive que nous nous interrogions sur le sens et que nous perdions le fil en cours de route.<\/p>\n<p>En \u00e9tudiant les rythmes des sept\u00e9naires (cycles de 7 ans) et les lois biographiques (motif de naissance, n\u0153uds lunaires et autres rythmes plan\u00e9taires, polarit\u00e9s et effets miroirs &#8230;) auxquels nous sommes profond\u00e9ment li\u00e9s, nous voyageons au coeur de notre vie, entre pass\u00e9, pr\u00e9sent et avenir. Telle une partition de musique, nous d\u00e9couvrons alors une m\u00e9lodie unique, qui vient r\u00e9sonner avec nos questionnements, notre qu\u00eate, nos aspirations les plus profondes.<\/p>\n<p>Le mot biographie vient du grec bio-graphos, qui signifie <b><i>l&rsquo;\u00e9criture de la vie<\/i><\/b>. Par un regard global sur la nature humaine, le travail biographique cherche \u00e0 approcher le sens de ce tissage propre \u00e0 chaque \u00eatre humain.Sur le chemin de la connaissance de soi, l&rsquo;accompagnement biographique permet de parcourir autrement les \u00e9v\u00e8nements et les v\u00e9cus int\u00e9rieurs de sa vie.<br \/>\nEn posant un nouveau regard gr\u00e2ce aux liens qui se tissent ainsi, apparait une lumi\u00e8re porteuse de compr\u00e9hension et de m\u00e9tamorphose. Nous pouvons alors devenir plus consciemment et plus librement acteur et cr\u00e9ateur de notre vie.<\/p>\n<p>Ecoute, confidentialit\u00e9 et respect accompagnent le processus de ce d\u00e9voilement intime de l&rsquo;\u00eatre.<\/p>\n<p>Une s\u00e9ance de travail biographique dure entre une heure et une heure et demie. Le rythme et le nombre des rencontres sont \u00e0 d\u00e9finir ensemble.<br \/>\nLes accompagnements sont possibles en langue fran\u00e7aise et anglaise.<\/p>\n","protected":false},"excerpt":{"rendered":"<p>Pour marcher vers soi-m\u00eame &#8230; \u00ab Les hommes questionnent pour r\u00e9soudre l&rsquo;\u00e9nigme du monde, et en oublient de regarder comment la vie, dans le cours de son rythme, est la vraie solution \u00e0 cette \u00e9nigme. \u00bb Rudolf Steiner Le travail biographique, propos\u00e9 sous forme d&rsquo;accompagnement individuel ou d&rsquo;ateliers, est bas\u00e9 sur l&rsquo;approche anthroposophique de Rudolf &hellip; <\/p>\n<p class=\"link-more\"><a href=\"https:\/\/viviscum.ch\/index.php\/travail-biographique\/\" class=\"more-link\">Continuer la lecture<span class=\"screen-reader-text\"> de &laquo;&nbsp;Travail biographique&nbsp;&raquo;<\/span><\/a><\/p>\n","protected":false},"author":1,"featured_media":0,"parent":0,"menu_order":0,"comment_status":"closed","ping_status":"closed","template":"","meta":[],"_links":{"self":[{"href":"https:\/\/viviscum.ch\/index.php\/wp-json\/wp\/v2\/pages\/64"}],"collection":[{"href":"https:\/\/viviscum.ch\/index.php\/wp-json\/wp\/v2\/pages"}],"about":[{"href":"https:\/\/viviscum.ch\/index.php\/wp-json\/wp\/v2\/types\/page"}],"author":[{"embeddable":true,"href":"https:\/\/viviscum.ch\/index.php\/wp-json\/wp\/v2\/users\/1"}],"replies":[{"embeddable":true,"href":"https:\/\/viviscum.ch\/index.php\/wp-json\/wp\/v2\/comments?post=64"}],"version-history":[{"count":1,"href":"https:\/\/viviscum.ch\/index.php\/wp-json\/wp\/v2\/pages\/64\/revisions"}],"predecessor-version":[{"id":69,"href":"https:\/\/viviscum.ch\/index.php\/wp-json\/wp\/v2\/pages\/64\/revisions\/69"}],"wp:attachment":[{"href":"https:\/\/viviscum.ch\/index.php\/wp-json\/wp\/v2\/media?parent=64"}],"curies":[{"name":"wp","href":"https:\/\/api.w.org\/{rel}","templated":true}]}}