{"id":7,"date":"2017-02-18T13:19:46","date_gmt":"2017-02-18T12:19:46","guid":{"rendered":"http:\/\/viviscum.riv21.com\/?page_id=7"},"modified":"2017-02-18T16:59:49","modified_gmt":"2017-02-18T15:59:49","slug":"accueil","status":"publish","type":"page","link":"https:\/\/viviscum.ch\/","title":{"rendered":"Accueil"},"content":{"rendered":"<h1>CENTRE DE M\u00c9DECINE INT\u00c9GRATIVE<br \/>\nET DE M\u00c9DECINE D&rsquo;ORIENTATION ANTHROPOSOPHIQUE<\/h1>\n<p>Le nom \u00ab\u00a0Viviscum\u00a0\u00bb est le nom que portait Vevey au Moyen-\u00c2ge.<br \/>\nLe nom \u00ab\u00a0Viscum\u00a0\u00bb est le nom latin du gui, tr\u00e8s r\u00e9pandu dans nos r\u00e9gions, il est utilis\u00e9 par les \u00eatres humains depuis des mill\u00e9naires, plante sacr\u00e9e pour les Celtes, porte-bonheur le Jour de l&rsquo;an.<br \/>\nD\u00e8s l\u2019Antiquit\u00e9, le gui \u00e9tait utilis\u00e9 dans les troubles nerveux.<br \/>\nPlus pr\u00e8s de nous, en 1907, \u00e9tait d\u00e9couverte son action hypotensive.<br \/>\nPuis Rudolf Steiner, d\u00e8s 1920, a pr\u00e9conis\u00e9 l&rsquo;utilisation du gui comme th\u00e9rapeutique anticanc\u00e9reuse.<\/p>\n","protected":false},"excerpt":{"rendered":"<p>CENTRE DE M\u00c9DECINE INT\u00c9GRATIVE ET DE M\u00c9DECINE D&rsquo;ORIENTATION ANTHROPOSOPHIQUE Le nom \u00ab\u00a0Viviscum\u00a0\u00bb est le nom que portait Vevey au Moyen-\u00c2ge. Le nom \u00ab\u00a0Viscum\u00a0\u00bb est le nom latin du gui, tr\u00e8s r\u00e9pandu dans nos r\u00e9gions, il est utilis\u00e9 par les \u00eatres humains depuis des mill\u00e9naires, plante sacr\u00e9e pour les Celtes, porte-bonheur le Jour de l&rsquo;an. D\u00e8s &hellip; <\/p>\n<p class=\"link-more\"><a href=\"https:\/\/viviscum.ch\/\" class=\"more-link\">Continuer la lecture<span class=\"screen-reader-text\"> de &laquo;&nbsp;Accueil&nbsp;&raquo;<\/span><\/a><\/p>\n","protected":false},"author":1,"featured_media":0,"parent":0,"menu_order":0,"comment_status":"closed","ping_status":"closed","template":"","meta":[],"_links":{"self":[{"href":"https:\/\/viviscum.ch\/index.php\/wp-json\/wp\/v2\/pages\/7"}],"collection":[{"href":"https:\/\/viviscum.ch\/index.php\/wp-json\/wp\/v2\/pages"}],"about":[{"href":"https:\/\/viviscum.ch\/index.php\/wp-json\/wp\/v2\/types\/page"}],"author":[{"embeddable":true,"href":"https:\/\/viviscum.ch\/index.php\/wp-json\/wp\/v2\/users\/1"}],"replies":[{"embeddable":true,"href":"https:\/\/viviscum.ch\/index.php\/wp-json\/wp\/v2\/comments?post=7"}],"version-history":[{"count":4,"href":"https:\/\/viviscum.ch\/index.php\/wp-json\/wp\/v2\/pages\/7\/revisions"}],"predecessor-version":[{"id":124,"href":"https:\/\/viviscum.ch\/index.php\/wp-json\/wp\/v2\/pages\/7\/revisions\/124"}],"wp:attachment":[{"href":"https:\/\/viviscum.ch\/index.php\/wp-json\/wp\/v2\/media?parent=7"}],"curies":[{"name":"wp","href":"https:\/\/api.w.org\/{rel}","templated":true}]}}